{"id":2,"date":"2020-08-17T08:41:21","date_gmt":"2020-08-17T08:41:21","guid":{"rendered":"https:\/\/larsmankennel.com\/?page_id=2"},"modified":"2024-01-03T08:35:11","modified_gmt":"2024-01-03T08:35:11","slug":"sample-page","status":"publish","type":"page","link":"https:\/\/larsmankennel.com\/","title":{"rendered":"Domov"},"content":{"rendered":"<p>[vc_row][vc_column][vc_empty_space height=&#8221;33px&#8221;]<div id=\"ultimate-heading-33366a0069b6d4ee3\" class=\"uvc-heading ult-adjust-bottom-margin ultimate-heading-33366a0069b6d4ee3 uvc-7639 \" data-hspacer=\"no_spacer\"  data-halign=\"center\" style=\"text-align:center\"><div class=\"uvc-heading-spacer no_spacer\" style=\"top\"><\/div><div class=\"uvc-main-heading ult-responsive\"  data-ultimate-target='.uvc-heading.ultimate-heading-33366a0069b6d4ee3 h1'  data-responsive-json-new='{\"font-size\":\"\",\"line-height\":\"\"}' ><h1 style=\"font-weight:normal;color:#b36b39;\">Psarna Larsman<\/h1><\/div><\/div>[vc_separator color=&#8221;custom&#8221; el_width=&#8221;30&#8243; accent_color=&#8221;#d7e0e7&#8243;][vc_column_text]<\/p>\n<p style=\"text-align: center;\">Psarno Larsman smo ustanovili leta 2018 in je registrirana pri Kinolo\u0161ki zvezi Slovenije, \u010dlanici mednarodne kinolo\u0161ke zveze FCI. Nahajamo se v Suhi krajini, 45 km ju\u017eno od Ljubljane. V na\u0161o dru\u017eino je kot prvi pes veliko veselja leta 2016 prinesel whippet Lars, po katerem smo tudi poimenovali na\u0161o psarno. Prva angle\u0161ka \u0161pringer \u0161panjelka, Kira, pa se nam je pridru\u017eila leta 2018. Kira u\u017eiva v razli\u010dnih pasjih \u0161portih, kot so poslu\u0161nost\u00a0 (rally obedience), prina\u0161anje (dummy training), tek (canicross), obo\u017euje pa tudi plavanje. Obo\u017euje prina\u0161anje \u017eogice.<\/p>\n<p style=\"text-align: center;\"><span style=\"text-align: justify; font-size: 1rem;\">Kirin \u010dudovit karakter nas je prepri\u010dal, da je pasma angle\u0161ki \u0161pringer \u0161panjel resni\u010dno idealen dru\u017einski pes, saj je zvest svojemu lastniku in bi naredil vse, da bi mu ustregel. Na\u0161i angle\u0161ki \u0161pringer \u0161panjeli u\u017eivajo v na\u0161i dru\u017ebi in \u017eelijo biti povsod zraven. Mislim, da je ta pasma zelo vsestranska, primerna za razli\u010dne \u0161porte, in je prav lahko zelo uspe\u0161na v vsakem izmed njih. Lahko pa so preprosto dru\u017einski psi, ki pa vseeno potrebujejo dovolj gibanja. Zaradi vseh teh lastnosti smo se odlo\u010dili za vzrejo te \u010dudovite pasme psov.<\/span><\/p>\n<p>[\/vc_column_text][\/vc_column][\/vc_row][vc_row bg_type=&#8221;image&#8221; parallax_style=&#8221;vcpb-default&#8221; bg_image_new=&#8221;id^27|url^https:\/\/larsmankennel.com\/wp-content\/uploads\/2020\/08\/slikabg3-jpg.jpg|caption^null|alt^null|title^slikabg3 jpg|description^null&#8221; bg_override=&#8221;full&#8221; css=&#8221;.vc_custom_1598258667413{padding-top: 33px !important;padding-right: 33px !important;padding-bottom: 33px !important;padding-left: 33px !important;}&#8221;][vc_column][vc_row_inner][vc_column_inner width=&#8221;1\/3&#8243;][vc_single_image image=&#8221;143&#8243; img_size=&#8221;200&#215;200&#8243; alignment=&#8221;center&#8221; css_animation=&#8221;bounceInUp&#8221; css=&#8221;.vc_custom_1600781486290{margin-top: 0px !important;margin-right: 0px !important;margin-bottom: 16px !important;margin-left: 0px !important;padding-top: 0px !important;padding-right: 0px !important;padding-bottom: 0px !important;padding-left: 0px !important;}&#8221;][vc_column_text css=&#8221;.vc_custom_1600892375826{margin-top: 0px !important;padding-top: 0px !important;}&#8221;]<\/p>\n<h5 style=\"text-align: center; margin: 0px, padding: 0px; color: #ffffff;\">Trening Rally obedienca.<\/h5>\n<p>[\/vc_column_text][\/vc_column_inner][vc_column_inner width=&#8221;1\/3&#8243;][vc_single_image image=&#8221;144&#8243; img_size=&#8221;200&#215;200&#8243; alignment=&#8221;center&#8221; css_animation=&#8221;bounceInUp&#8221; css=&#8221;.vc_custom_1600781513230{margin-top: 0px !important;margin-right: 0px !important;margin-bottom: 16px !important;margin-left: 0px !important;padding-top: 0px !important;padding-right: 0px !important;padding-bottom: 0px !important;padding-left: 0px !important;}&#8221;][vc_column_text css=&#8221;.vc_custom_1600781039363{margin-top: 0px !important;padding-top: 0px !important;}&#8221;]<\/p>\n<h5 style=\"text-align: center; margin: 0px, padding: 0px; color: #ffffff;\">Kira in Aladin.<\/h5>\n<p>[\/vc_column_text][\/vc_column_inner][vc_column_inner width=&#8221;1\/3&#8243;][vc_single_image image=&#8221;145&#8243; img_size=&#8221;200&#215;200&#8243; alignment=&#8221;center&#8221; css_animation=&#8221;bounceInUp&#8221; css=&#8221;.vc_custom_1600781534449{margin-top: 0px !important;margin-right: 0px !important;margin-bottom: 16px !important;margin-left: 0px !important;padding-top: 0px !important;padding-right: 0px !important;padding-bottom: 0px !important;padding-left: 0px !important;}&#8221;][vc_column_text css=&#8221;.vc_custom_1600781053255{margin-top: 0px !important;padding-top: 0px !important;}&#8221;]<\/p>\n<h5 style=\"text-align: center; margin: 0px, padding: 0px; color: #ffffff;\">Kira.<\/h5>\n<p>[\/vc_column_text][\/vc_column_inner][\/vc_row_inner][\/vc_column][\/vc_row][vc_row bg_type=&#8221;image&#8221; parallax_style=&#8221;vcpb-default&#8221; bg_image_new=&#8221;id^24|url^https:\/\/larsmankennel.com\/wp-content\/uploads\/2020\/08\/bgslikataca4.png|caption^null|alt^null|title^bgslikataca4|description^null&#8221; bg_image_repeat=&#8221;no-repeat&#8221; bg_image_size=&#8221;contain&#8221; bg_image_posiiton=&#8221;bottom right&#8221;][vc_column width=&#8221;1\/2&#8243;][vc_single_image image=&#8221;124&#8243; img_size=&#8221;full&#8221; alignment=&#8221;center&#8221; css_animation=&#8221;bounceInLeft&#8221;][\/vc_column][vc_column css_animation=&#8221;bounceInRight&#8221; width=&#8221;1\/2&#8243;]<div id=\"ultimate-heading-38006a0069b6d4f2b\" class=\"uvc-heading ult-adjust-bottom-margin ultimate-heading-38006a0069b6d4f2b uvc-9209 \" data-hspacer=\"no_spacer\"  data-halign=\"left\" style=\"text-align:left\"><div class=\"uvc-heading-spacer no_spacer\" style=\"top\"><\/div><div class=\"uvc-main-heading ult-responsive\"  data-ultimate-target='.uvc-heading.ultimate-heading-38006a0069b6d4f2b h1'  data-responsive-json-new='{\"font-size\":\"\",\"line-height\":\"\"}' ><h1 style=\"font-weight:normal;color:#b36b39;\">Pasma angle\u0161ki \u0161pringer \u0161panjel<\/h1><\/div><\/div>[vc_separator color=&#8221;custom&#8221; align=&#8221;align_left&#8221; el_width=&#8221;30&#8243; accent_color=&#8221;#d7e0e7&#8243;][vc_column_text]<\/p>\n<p style=\"text-align: justify;\">Angle\u0161ki \u0161pringer \u0161panjeli imajo zelo vesel in \u017eivahen karakter. So zelo inteligentni in energi\u010dni, tudi zato sta socializacija in navajanje na razli\u010dne stvari zelo pomembna. S tem postanejo odli\u010dni dru\u017einski psi. Obo\u017eujejo otroke in se dobro razumejo z drugimi pasmami psov, pravzaprav jih, ko jih spoznajo, ve\u010dinoma ignorirajo. Lastnika neprestano spremljajo, samote pa ne marajo preve\u010d. Vsakodnevno potrebujejo dovolj gibanja in pozornosti, tako da so primerni predvsem za aktivnej\u0161e dru\u017eine. U\u017eivajo v vseh aktivnostih, pri katerih so povezani s svojim lastnikom.<\/p>\n<p>[\/vc_column_text][\/vc_column][\/vc_row][vc_row][vc_column]<div id=\"ultimate-heading-14116a0069b6d4f4c\" class=\"uvc-heading ult-adjust-bottom-margin ultimate-heading-14116a0069b6d4f4c uvc-6782 \" data-hspacer=\"no_spacer\"  data-halign=\"center\" style=\"text-align:center\"><div class=\"uvc-heading-spacer no_spacer\" style=\"top\"><\/div><div class=\"uvc-main-heading ult-responsive\"  data-ultimate-target='.uvc-heading.ultimate-heading-14116a0069b6d4f4c h1'  data-responsive-json-new='{\"font-size\":\"\",\"line-height\":\"\"}' ><h1 style=\"font-weight:normal;color:#b36b39;\">Zadnje med na\u0161imi novicami<\/h1><\/div><\/div>[vc_separator color=&#8221;custom&#8221; el_width=&#8221;30&#8243; accent_color=&#8221;#d7e0e7&#8243;][vc_masonry_grid post_type=&#8221;post&#8221; max_items=&#8221;3&#8243; item=&#8221;51&#8243; grid_id=&#8221;vc_gid:1612084785194-2e2ee0839299ae1dabfeb9ee087634a5-4&#8243; taxonomies=&#8221;2&#8243;][\/vc_column][\/vc_row][vc_row bg_type=&#8221;image&#8221; parallax_style=&#8221;vcpb-default&#8221; bg_image_new=&#8221;id^30|url^https:\/\/larsmankennel.com\/wp-content\/uploads\/2020\/08\/slikabg4-jpg.jpg|caption^null|alt^null|title^slikabg4 jpg|description^null&#8221; bg_image_repeat=&#8221;no-repeat&#8221; bg_override=&#8221;full&#8221;][vc_column css_animation=&#8221;none&#8221; width=&#8221;2\/3&#8243;][vc_column_text]<span style=\"color: #ffffff; font-size: 22px; font-weight: 600;\">Imate kak\u0161no vpra\u0161anje za nas?<\/span>[\/vc_column_text][\/vc_column][vc_column width=&#8221;1\/3&#8243;][vc_btn title=&#8221;KONTAKT&#8221; style=&#8221;outline&#8221; color=&#8221;white&#8221; size=&#8221;lg&#8221; align=&#8221;center&#8221; button_block=&#8221;true&#8221; link=&#8221;url:https%3A%2F%2Flarsmankennel.com%2F%3Fpage_id%3D68%26lang%3Den&#8221;][\/vc_column][\/vc_row][vc_row][vc_column][\/vc_column][\/vc_row]<\/p>\n","protected":false},"excerpt":{"rendered":"<p class=\"card-text\">[vc_row][vc_column][vc_empty_space height=&#8221;33px&#8221;][vc_separator color=&#8221;custom&#8221; el_width=&#8221;30&#8243; accent_color=&#8221;#d7e0e7&#8243;][vc_column_text] Psarno Larsman smo ustanovili leta 2018 in je registrirana pri Kinolo\u0161ki zvezi Slovenije, \u010dlanici mednarodne kinolo\u0161ke zveze FCI. Nahajamo se v Suhi krajini, 45 km ju\u017eno od Ljubljane. V na\u0161o dru\u017eino je kot prvi pes veliko veselja leta 2016 prinesel whippet Lars, po katerem smo tudi poimenovali na\u0161o psarno. Prva [&#8230;]<\/p>\n<p class=\"m-0\"><a class=\"btn btn-outline-secondary btn-read-more\" href=\"https:\/\/larsmankennel.com\/\">Read More<\/a><\/p>\n","protected":false},"author":1,"featured_media":0,"parent":0,"menu_order":0,"comment_status":"closed","ping_status":"open","template":"","meta":{"om_disable_all_campaigns":false,"_monsterinsights_skip_tracking":false,"_monsterinsights_sitenote_active":false,"_monsterinsights_sitenote_note":"","_monsterinsights_sitenote_category":0,"_uf_show_specific_survey":0,"_uf_disable_surveys":false,"footnotes":""},"yoast_head":"<!-- This site is optimized with the Yoast SEO plugin v23.0 - https:\/\/yoast.com\/wordpress\/plugins\/seo\/ -->\n<title>Larsman kennel<\/title>\n<meta name=\"description\" content=\"Angle\u0161ki \u0161pringer \u0161panjeli imajo zelo vesel in \u017eivahen karakter. Njihov karakter nas je prepri\u010dal, da je pasma angle\u0161ki \u0161pringer \u0161panjel resni\u010dno idealen dru\u017einski pes.\" \/>\n<meta name=\"robots\" content=\"index, follow, max-snippet:-1, max-image-preview:large, max-video-preview:-1\" \/>\n<link rel=\"canonical\" href=\"https:\/\/larsmankennel.com\/\" \/>\n<meta property=\"og:locale\" content=\"sl_SI\" \/>\n<meta property=\"og:type\" content=\"article\" \/>\n<meta property=\"og:title\" content=\"Larsman kennel\" \/>\n<meta property=\"og:description\" content=\"Angle\u0161ki \u0161pringer \u0161panjeli imajo zelo vesel in \u017eivahen karakter. Njihov karakter nas je prepri\u010dal, da je pasma angle\u0161ki \u0161pringer \u0161panjel resni\u010dno idealen dru\u017einski pes.\" \/>\n<meta property=\"og:url\" content=\"https:\/\/larsmankennel.com\/\" \/>\n<meta property=\"og:site_name\" content=\"Larsman\" \/>\n<meta property=\"article:publisher\" content=\"https:\/\/www.facebook.com\/larsmankennel\/\" \/>\n<meta property=\"article:modified_time\" content=\"2024-01-03T08:35:11+00:00\" \/>\n<meta name=\"twitter:card\" content=\"summary_large_image\" \/>\n<meta name=\"twitter:label1\" content=\"Est. reading time\" \/>\n\t<meta name=\"twitter:data1\" content=\"2 minuti\" \/>\n<script type=\"application\/ld+json\" class=\"yoast-schema-graph\">{\"@context\":\"https:\/\/schema.org\",\"@graph\":[{\"@type\":\"WebPage\",\"@id\":\"https:\/\/larsmankennel.com\/\",\"url\":\"https:\/\/larsmankennel.com\/\",\"name\":\"Larsman kennel\",\"isPartOf\":{\"@id\":\"https:\/\/larsmankennel.com\/#website\"},\"datePublished\":\"2020-08-17T08:41:21+00:00\",\"dateModified\":\"2024-01-03T08:35:11+00:00\",\"description\":\"Angle\u0161ki \u0161pringer \u0161panjeli imajo zelo vesel in \u017eivahen karakter. Njihov karakter nas je prepri\u010dal, da je pasma angle\u0161ki \u0161pringer \u0161panjel resni\u010dno idealen dru\u017einski pes.\",\"breadcrumb\":{\"@id\":\"https:\/\/larsmankennel.com\/#breadcrumb\"},\"inLanguage\":\"sl-SI\",\"potentialAction\":[{\"@type\":\"ReadAction\",\"target\":[\"https:\/\/larsmankennel.com\/\"]}]},{\"@type\":\"BreadcrumbList\",\"@id\":\"https:\/\/larsmankennel.com\/#breadcrumb\",\"itemListElement\":[{\"@type\":\"ListItem\",\"position\":1,\"name\":\"Home\",\"item\":\"https:\/\/larsmankennel.com\/\"},{\"@type\":\"ListItem\",\"position\":2,\"name\":\"Domov\"}]},{\"@type\":\"WebSite\",\"@id\":\"https:\/\/larsmankennel.com\/#website\",\"url\":\"https:\/\/larsmankennel.com\/\",\"name\":\"Larsman\",\"description\":\"Larsman kennel\",\"publisher\":{\"@id\":\"https:\/\/larsmankennel.com\/#organization\"},\"potentialAction\":[{\"@type\":\"SearchAction\",\"target\":{\"@type\":\"EntryPoint\",\"urlTemplate\":\"https:\/\/larsmankennel.com\/?s={search_term_string}\"},\"query-input\":\"required name=search_term_string\"}],\"inLanguage\":\"sl-SI\"},{\"@type\":\"Organization\",\"@id\":\"https:\/\/larsmankennel.com\/#organization\",\"name\":\"Larsman\",\"url\":\"https:\/\/larsmankennel.com\/\",\"logo\":{\"@type\":\"ImageObject\",\"inLanguage\":\"sl-SI\",\"@id\":\"https:\/\/larsmankennel.com\/#\/schema\/logo\/image\/\",\"url\":\"https:\/\/larsmankennel.com\/wp-content\/uploads\/2021\/01\/fnaejk.png\",\"contentUrl\":\"https:\/\/larsmankennel.com\/wp-content\/uploads\/2021\/01\/fnaejk.png\",\"width\":4724,\"height\":3034,\"caption\":\"Larsman\"},\"image\":{\"@id\":\"https:\/\/larsmankennel.com\/#\/schema\/logo\/image\/\"},\"sameAs\":[\"https:\/\/www.facebook.com\/larsmankennel\/\",\"https:\/\/www.instagram.com\/larsmankennel\/\"]}]}<\/script>\n<!-- \/ Yoast SEO plugin. -->","yoast_head_json":{"title":"Larsman kennel","description":"Angle\u0161ki \u0161pringer \u0161panjeli imajo zelo vesel in \u017eivahen karakter. Njihov karakter nas je prepri\u010dal, da je pasma angle\u0161ki \u0161pringer \u0161panjel resni\u010dno idealen dru\u017einski pes.","robots":{"index":"index","follow":"follow","max-snippet":"max-snippet:-1","max-image-preview":"max-image-preview:large","max-video-preview":"max-video-preview:-1"},"canonical":"https:\/\/larsmankennel.com\/","og_locale":"sl_SI","og_type":"article","og_title":"Larsman kennel","og_description":"Angle\u0161ki \u0161pringer \u0161panjeli imajo zelo vesel in \u017eivahen karakter. Njihov karakter nas je prepri\u010dal, da je pasma angle\u0161ki \u0161pringer \u0161panjel resni\u010dno idealen dru\u017einski pes.","og_url":"https:\/\/larsmankennel.com\/","og_site_name":"Larsman","article_publisher":"https:\/\/www.facebook.com\/larsmankennel\/","article_modified_time":"2024-01-03T08:35:11+00:00","twitter_card":"summary_large_image","twitter_misc":{"Est. reading time":"2 minuti"},"schema":{"@context":"https:\/\/schema.org","@graph":[{"@type":"WebPage","@id":"https:\/\/larsmankennel.com\/","url":"https:\/\/larsmankennel.com\/","name":"Larsman kennel","isPartOf":{"@id":"https:\/\/larsmankennel.com\/#website"},"datePublished":"2020-08-17T08:41:21+00:00","dateModified":"2024-01-03T08:35:11+00:00","description":"Angle\u0161ki \u0161pringer \u0161panjeli imajo zelo vesel in \u017eivahen karakter. Njihov karakter nas je prepri\u010dal, da je pasma angle\u0161ki \u0161pringer \u0161panjel resni\u010dno idealen dru\u017einski pes.","breadcrumb":{"@id":"https:\/\/larsmankennel.com\/#breadcrumb"},"inLanguage":"sl-SI","potentialAction":[{"@type":"ReadAction","target":["https:\/\/larsmankennel.com\/"]}]},{"@type":"BreadcrumbList","@id":"https:\/\/larsmankennel.com\/#breadcrumb","itemListElement":[{"@type":"ListItem","position":1,"name":"Home","item":"https:\/\/larsmankennel.com\/"},{"@type":"ListItem","position":2,"name":"Domov"}]},{"@type":"WebSite","@id":"https:\/\/larsmankennel.com\/#website","url":"https:\/\/larsmankennel.com\/","name":"Larsman","description":"Larsman kennel","publisher":{"@id":"https:\/\/larsmankennel.com\/#organization"},"potentialAction":[{"@type":"SearchAction","target":{"@type":"EntryPoint","urlTemplate":"https:\/\/larsmankennel.com\/?s={search_term_string}"},"query-input":"required name=search_term_string"}],"inLanguage":"sl-SI"},{"@type":"Organization","@id":"https:\/\/larsmankennel.com\/#organization","name":"Larsman","url":"https:\/\/larsmankennel.com\/","logo":{"@type":"ImageObject","inLanguage":"sl-SI","@id":"https:\/\/larsmankennel.com\/#\/schema\/logo\/image\/","url":"https:\/\/larsmankennel.com\/wp-content\/uploads\/2021\/01\/fnaejk.png","contentUrl":"https:\/\/larsmankennel.com\/wp-content\/uploads\/2021\/01\/fnaejk.png","width":4724,"height":3034,"caption":"Larsman"},"image":{"@id":"https:\/\/larsmankennel.com\/#\/schema\/logo\/image\/"},"sameAs":["https:\/\/www.facebook.com\/larsmankennel\/","https:\/\/www.instagram.com\/larsmankennel\/"]}]}},"_links":{"self":[{"href":"https:\/\/larsmankennel.com\/index.php?rest_route=\/wp\/v2\/pages\/2"}],"collection":[{"href":"https:\/\/larsmankennel.com\/index.php?rest_route=\/wp\/v2\/pages"}],"about":[{"href":"https:\/\/larsmankennel.com\/index.php?rest_route=\/wp\/v2\/types\/page"}],"author":[{"embeddable":true,"href":"https:\/\/larsmankennel.com\/index.php?rest_route=\/wp\/v2\/users\/1"}],"replies":[{"embeddable":true,"href":"https:\/\/larsmankennel.com\/index.php?rest_route=%2Fwp%2Fv2%2Fcomments&post=2"}],"version-history":[{"count":57,"href":"https:\/\/larsmankennel.com\/index.php?rest_route=\/wp\/v2\/pages\/2\/revisions"}],"predecessor-version":[{"id":723,"href":"https:\/\/larsmankennel.com\/index.php?rest_route=\/wp\/v2\/pages\/2\/revisions\/723"}],"wp:attachment":[{"href":"https:\/\/larsmankennel.com\/index.php?rest_route=%2Fwp%2Fv2%2Fmedia&parent=2"}],"curies":[{"name":"wp","href":"https:\/\/api.w.org\/{rel}","templated":true}]}}