{"id":106,"date":"2020-08-30T19:07:27","date_gmt":"2020-08-30T19:07:27","guid":{"rendered":"https:\/\/larsmankennel.com\/?page_id=106"},"modified":"2025-04-02T04:18:03","modified_gmt":"2025-04-02T04:18:03","slug":"planned-litters","status":"publish","type":"page","link":"https:\/\/larsmankennel.com\/?page_id=106","title":{"rendered":"Na\u010drtovana legla"},"content":{"rendered":"<p>[vc_row][vc_column][vc_empty_space height=&#8221;50px&#8221;][vc_column_text][\/vc_column_text][\/vc_column][\/vc_row][vc_row bg_type=&#8221;image&#8221; parallax_style=&#8221;vcpb-default&#8221; bg_image_new=&#8221;id^30|url^https:\/\/larsmankennel.com\/wp-content\/uploads\/2020\/08\/slikabg4-jpg.jpg|caption^null|alt^null|title^slikabg4 jpg|description^null&#8221; bg_image_repeat=&#8221;no-repeat&#8221; bg_override=&#8221;full&#8221;][vc_column width=&#8221;2\/3&#8243;][vc_column_text]<span style=\"color: #ffffff; font-size: 22px; font-weight: 600;\">\u017delite izvedeti ve\u010d o na\u0161i psarni?<\/span><br \/>\n<span style=\"color: #ffffff;\">Pokli\u010dite nas ali nam pi\u0161ite, z veseljem vam bomo odgovorili.<\/span>[\/vc_column_text][\/vc_column][vc_column width=&#8221;1\/3&#8243;][vc_btn title=&#8221;KONTAKT&#8221; style=&#8221;outline&#8221; color=&#8221;white&#8221; size=&#8221;lg&#8221; align=&#8221;center&#8221; css_animation=&#8221;bounceInUp&#8221; button_block=&#8221;true&#8221; link=&#8221;url:https%3A%2F%2Flarsmankennel.com%2F%3Fpage_id%3D68%26lang%3Den&#8221;][\/vc_column][\/vc_row]<\/p>\n","protected":false},"excerpt":{"rendered":"<p class=\"card-text\">[vc_row][vc_column][vc_empty_space height=&#8221;50px&#8221;][vc_column_text][\/vc_column_text][\/vc_column][\/vc_row][vc_row bg_type=&#8221;image&#8221; parallax_style=&#8221;vcpb-default&#8221; bg_image_new=&#8221;id^30|url^https:\/\/larsmankennel.com\/wp-content\/uploads\/2020\/08\/slikabg4-jpg.jpg|caption^null|alt^null|title^slikabg4 jpg|description^null&#8221; bg_image_repeat=&#8221;no-repeat&#8221; bg_override=&#8221;full&#8221;][vc_column width=&#8221;2\/3&#8243;][vc_column_text]\u017delite izvedeti ve\u010d o na\u0161i psarni? Pokli\u010dite nas ali nam pi\u0161ite, z veseljem vam bomo odgovorili.[\/vc_column_text][\/vc_column][vc_column width=&#8221;1\/3&#8243;][vc_btn title=&#8221;KONTAKT&#8221; style=&#8221;outline&#8221; color=&#8221;white&#8221; size=&#8221;lg&#8221; align=&#8221;center&#8221; css_animation=&#8221;bounceInUp&#8221; button_block=&#8221;true&#8221; link=&#8221;url:https%3A%2F%2Flarsmankennel.com%2F%3Fpage_id%3D68%26lang%3Den&#8221;][\/vc_column][\/vc_row] [&#8230;]<\/p>\n<p class=\"m-0\"><a class=\"btn btn-outline-secondary btn-read-more\" href=\"https:\/\/larsmankennel.com\/?page_id=106\">Read More<\/a><\/p>\n","protected":false},"author":1,"featured_media":0,"parent":0,"menu_order":0,"comment_status":"closed","ping_status":"closed","template":"","meta":{"om_disable_all_campaigns":false,"_monsterinsights_skip_tracking":false,"_monsterinsights_sitenote_active":false,"_monsterinsights_sitenote_note":"","_monsterinsights_sitenote_category":0,"_uf_show_specific_survey":0,"_uf_disable_surveys":false,"footnotes":""},"yoast_head":"<!-- This site is optimized with the Yoast SEO plugin v23.0 - https:\/\/yoast.com\/wordpress\/plugins\/seo\/ -->\n<title>Na\u010drtovana legla - Larsman<\/title>\n<meta name=\"robots\" content=\"index, follow, max-snippet:-1, max-image-preview:large, max-video-preview:-1\" \/>\n<link rel=\"canonical\" href=\"https:\/\/larsmankennel.com\/?page_id=106\" \/>\n<meta property=\"og:locale\" content=\"sl_SI\" \/>\n<meta property=\"og:type\" content=\"article\" \/>\n<meta property=\"og:title\" content=\"Na\u010drtovana legla - Larsman\" \/>\n<meta property=\"og:description\" content=\"[vc_row][vc_column][vc_empty_space height=&#8221;50px&#8221;][vc_column_text][\/vc_column_text][\/vc_column][\/vc_row][vc_row bg_type=&#8221;image&#8221; parallax_style=&#8221;vcpb-default&#8221; bg_image_new=&#8221;id^30|url^https:\/\/larsmankennel.com\/wp-content\/uploads\/2020\/08\/slikabg4-jpg.jpg|caption^null|alt^null|title^slikabg4 jpg|description^null&#8221; bg_image_repeat=&#8221;no-repeat&#8221; bg_override=&#8221;full&#8221;][vc_column width=&#8221;2\/3&#8243;][vc_column_text]\u017delite izvedeti ve\u010d o na\u0161i psarni? Pokli\u010dite nas ali nam pi\u0161ite, z veseljem vam bomo odgovorili.[\/vc_column_text][\/vc_column][vc_column width=&#8221;1\/3&#8243;][vc_btn title=&#8221;KONTAKT&#8221; style=&#8221;outline&#8221; color=&#8221;white&#8221; size=&#8221;lg&#8221; align=&#8221;center&#8221; css_animation=&#8221;bounceInUp&#8221; button_block=&#8221;true&#8221; link=&#8221;url:https%3A%2F%2Flarsmankennel.com%2F%3Fpage_id%3D68%26lang%3Den&#8221;][\/vc_column][\/vc_row] [...]Read More\" \/>\n<meta property=\"og:url\" content=\"https:\/\/larsmankennel.com\/?page_id=106\" \/>\n<meta property=\"og:site_name\" content=\"Larsman\" \/>\n<meta property=\"article:publisher\" content=\"https:\/\/www.facebook.com\/larsmankennel\/\" \/>\n<meta property=\"article:modified_time\" content=\"2025-04-02T04:18:03+00:00\" \/>\n<meta name=\"twitter:card\" content=\"summary_large_image\" \/>\n<meta name=\"twitter:label1\" content=\"Est. reading time\" \/>\n\t<meta name=\"twitter:data1\" content=\"1 minuta\" \/>\n<script type=\"application\/ld+json\" class=\"yoast-schema-graph\">{\"@context\":\"https:\/\/schema.org\",\"@graph\":[{\"@type\":\"WebPage\",\"@id\":\"https:\/\/larsmankennel.com\/?page_id=106\",\"url\":\"https:\/\/larsmankennel.com\/?page_id=106\",\"name\":\"Na\u010drtovana legla - Larsman\",\"isPartOf\":{\"@id\":\"https:\/\/larsmankennel.com\/#website\"},\"datePublished\":\"2020-08-30T19:07:27+00:00\",\"dateModified\":\"2025-04-02T04:18:03+00:00\",\"breadcrumb\":{\"@id\":\"https:\/\/larsmankennel.com\/?page_id=106#breadcrumb\"},\"inLanguage\":\"sl-SI\",\"potentialAction\":[{\"@type\":\"ReadAction\",\"target\":[\"https:\/\/larsmankennel.com\/?page_id=106\"]}]},{\"@type\":\"BreadcrumbList\",\"@id\":\"https:\/\/larsmankennel.com\/?page_id=106#breadcrumb\",\"itemListElement\":[{\"@type\":\"ListItem\",\"position\":1,\"name\":\"Home\",\"item\":\"https:\/\/larsmankennel.com\/\"},{\"@type\":\"ListItem\",\"position\":2,\"name\":\"Na\u010drtovana legla\"}]},{\"@type\":\"WebSite\",\"@id\":\"https:\/\/larsmankennel.com\/#website\",\"url\":\"https:\/\/larsmankennel.com\/\",\"name\":\"Larsman\",\"description\":\"Larsman kennel\",\"publisher\":{\"@id\":\"https:\/\/larsmankennel.com\/#organization\"},\"potentialAction\":[{\"@type\":\"SearchAction\",\"target\":{\"@type\":\"EntryPoint\",\"urlTemplate\":\"https:\/\/larsmankennel.com\/?s={search_term_string}\"},\"query-input\":\"required name=search_term_string\"}],\"inLanguage\":\"sl-SI\"},{\"@type\":\"Organization\",\"@id\":\"https:\/\/larsmankennel.com\/#organization\",\"name\":\"Larsman\",\"url\":\"https:\/\/larsmankennel.com\/\",\"logo\":{\"@type\":\"ImageObject\",\"inLanguage\":\"sl-SI\",\"@id\":\"https:\/\/larsmankennel.com\/#\/schema\/logo\/image\/\",\"url\":\"https:\/\/larsmankennel.com\/wp-content\/uploads\/2021\/01\/fnaejk.png\",\"contentUrl\":\"https:\/\/larsmankennel.com\/wp-content\/uploads\/2021\/01\/fnaejk.png\",\"width\":4724,\"height\":3034,\"caption\":\"Larsman\"},\"image\":{\"@id\":\"https:\/\/larsmankennel.com\/#\/schema\/logo\/image\/\"},\"sameAs\":[\"https:\/\/www.facebook.com\/larsmankennel\/\",\"https:\/\/www.instagram.com\/larsmankennel\/\"]}]}<\/script>\n<!-- \/ Yoast SEO plugin. -->","yoast_head_json":{"title":"Na\u010drtovana legla - Larsman","robots":{"index":"index","follow":"follow","max-snippet":"max-snippet:-1","max-image-preview":"max-image-preview:large","max-video-preview":"max-video-preview:-1"},"canonical":"https:\/\/larsmankennel.com\/?page_id=106","og_locale":"sl_SI","og_type":"article","og_title":"Na\u010drtovana legla - Larsman","og_description":"[vc_row][vc_column][vc_empty_space height=&#8221;50px&#8221;][vc_column_text][\/vc_column_text][\/vc_column][\/vc_row][vc_row bg_type=&#8221;image&#8221; parallax_style=&#8221;vcpb-default&#8221; bg_image_new=&#8221;id^30|url^https:\/\/larsmankennel.com\/wp-content\/uploads\/2020\/08\/slikabg4-jpg.jpg|caption^null|alt^null|title^slikabg4 jpg|description^null&#8221; bg_image_repeat=&#8221;no-repeat&#8221; bg_override=&#8221;full&#8221;][vc_column width=&#8221;2\/3&#8243;][vc_column_text]\u017delite izvedeti ve\u010d o na\u0161i psarni? Pokli\u010dite nas ali nam pi\u0161ite, z veseljem vam bomo odgovorili.[\/vc_column_text][\/vc_column][vc_column width=&#8221;1\/3&#8243;][vc_btn title=&#8221;KONTAKT&#8221; style=&#8221;outline&#8221; color=&#8221;white&#8221; size=&#8221;lg&#8221; align=&#8221;center&#8221; css_animation=&#8221;bounceInUp&#8221; button_block=&#8221;true&#8221; link=&#8221;url:https%3A%2F%2Flarsmankennel.com%2F%3Fpage_id%3D68%26lang%3Den&#8221;][\/vc_column][\/vc_row] [...]Read More","og_url":"https:\/\/larsmankennel.com\/?page_id=106","og_site_name":"Larsman","article_publisher":"https:\/\/www.facebook.com\/larsmankennel\/","article_modified_time":"2025-04-02T04:18:03+00:00","twitter_card":"summary_large_image","twitter_misc":{"Est. reading time":"1 minuta"},"schema":{"@context":"https:\/\/schema.org","@graph":[{"@type":"WebPage","@id":"https:\/\/larsmankennel.com\/?page_id=106","url":"https:\/\/larsmankennel.com\/?page_id=106","name":"Na\u010drtovana legla - Larsman","isPartOf":{"@id":"https:\/\/larsmankennel.com\/#website"},"datePublished":"2020-08-30T19:07:27+00:00","dateModified":"2025-04-02T04:18:03+00:00","breadcrumb":{"@id":"https:\/\/larsmankennel.com\/?page_id=106#breadcrumb"},"inLanguage":"sl-SI","potentialAction":[{"@type":"ReadAction","target":["https:\/\/larsmankennel.com\/?page_id=106"]}]},{"@type":"BreadcrumbList","@id":"https:\/\/larsmankennel.com\/?page_id=106#breadcrumb","itemListElement":[{"@type":"ListItem","position":1,"name":"Home","item":"https:\/\/larsmankennel.com\/"},{"@type":"ListItem","position":2,"name":"Na\u010drtovana legla"}]},{"@type":"WebSite","@id":"https:\/\/larsmankennel.com\/#website","url":"https:\/\/larsmankennel.com\/","name":"Larsman","description":"Larsman kennel","publisher":{"@id":"https:\/\/larsmankennel.com\/#organization"},"potentialAction":[{"@type":"SearchAction","target":{"@type":"EntryPoint","urlTemplate":"https:\/\/larsmankennel.com\/?s={search_term_string}"},"query-input":"required name=search_term_string"}],"inLanguage":"sl-SI"},{"@type":"Organization","@id":"https:\/\/larsmankennel.com\/#organization","name":"Larsman","url":"https:\/\/larsmankennel.com\/","logo":{"@type":"ImageObject","inLanguage":"sl-SI","@id":"https:\/\/larsmankennel.com\/#\/schema\/logo\/image\/","url":"https:\/\/larsmankennel.com\/wp-content\/uploads\/2021\/01\/fnaejk.png","contentUrl":"https:\/\/larsmankennel.com\/wp-content\/uploads\/2021\/01\/fnaejk.png","width":4724,"height":3034,"caption":"Larsman"},"image":{"@id":"https:\/\/larsmankennel.com\/#\/schema\/logo\/image\/"},"sameAs":["https:\/\/www.facebook.com\/larsmankennel\/","https:\/\/www.instagram.com\/larsmankennel\/"]}]}},"_links":{"self":[{"href":"https:\/\/larsmankennel.com\/index.php?rest_route=\/wp\/v2\/pages\/106"}],"collection":[{"href":"https:\/\/larsmankennel.com\/index.php?rest_route=\/wp\/v2\/pages"}],"about":[{"href":"https:\/\/larsmankennel.com\/index.php?rest_route=\/wp\/v2\/types\/page"}],"author":[{"embeddable":true,"href":"https:\/\/larsmankennel.com\/index.php?rest_route=\/wp\/v2\/users\/1"}],"replies":[{"embeddable":true,"href":"https:\/\/larsmankennel.com\/index.php?rest_route=%2Fwp%2Fv2%2Fcomments&post=106"}],"version-history":[{"count":17,"href":"https:\/\/larsmankennel.com\/index.php?rest_route=\/wp\/v2\/pages\/106\/revisions"}],"predecessor-version":[{"id":1380,"href":"https:\/\/larsmankennel.com\/index.php?rest_route=\/wp\/v2\/pages\/106\/revisions\/1380"}],"wp:attachment":[{"href":"https:\/\/larsmankennel.com\/index.php?rest_route=%2Fwp%2Fv2%2Fmedia&parent=106"}],"curies":[{"name":"wp","href":"https:\/\/api.w.org\/{rel}","templated":true}]}}